{"id":9199,"date":"2019-08-29T11:07:44","date_gmt":"2019-08-29T09:07:44","guid":{"rendered":"http:\/\/faere.fr\/?page_id=9165"},"modified":"2019-08-29T11:07:44","modified_gmt":"2019-08-29T09:07:44","slug":"young-economist-best-paper-faere-award","status":"publish","type":"page","link":"https:\/\/faere.fr\/en\/news-events\/conferences-workshops\/young-economist-best-paper-faere-award\/","title":{"rendered":"FAERE Conference 2019 &#8211; Young Economist best paper FAERE Award"},"content":{"rendered":"<p style=\"text-align: center;\"><strong><em><span style=\"color: #0000ff;\"><span style=\"color: #3366ff;\">6<sup>th<\/sup> FAERE Annual Conference \u2013 August 29-30, 2019 \u2013 Rennes<\/span><\/span><\/em><\/strong><\/p>\n<p>&nbsp;<\/p>\n<p style=\"text-align: center;\"><em><strong>For 2019, the Young Economist best paper FAERE Award was attributed to<br \/>\n<\/strong><\/em><\/p>\n<p>&nbsp;<\/p>\n<h2 style=\"text-align: center;\"><span style=\"color: #800080;\"><span style=\"color: #000000;\">Marion Leroutier (PSE and CIRED)<\/span><\/span><\/h2>\n<p style=\"color: #456; font-family: arial,sans-serif; font-size: 12px; line-height: 1.6em; font-style: italic; margin: 0 0 15px 0; padding: 0;\"><img decoding=\"async\" class=\"aligncenter lazyload\" data-src=\"http:\/\/faere.fr\/wp-content\/uploads\/2019\/08\/Photo_MarionLeroutier.jpg\" alt=\"\" width=\"149\" height=\"149\" src=\"data:image\/svg+xml;base64,PHN2ZyB3aWR0aD0iMSIgaGVpZ2h0PSIxIiB4bWxucz0iaHR0cDovL3d3dy53My5vcmcvMjAwMC9zdmciPjwvc3ZnPg==\" style=\"--smush-placeholder-width: 149px; --smush-placeholder-aspect-ratio: 149\/149;\" \/><\/p>\n<h2 style=\"text-align: center;\"><a href=\"http:\/\/faere.fr\/pub\/WorkingPapers\/Leroutier_FAERE_WP2019.12.pdf\" target=\"_blank\" rel=\"noopener noreferrer\"><span style=\"color: #800080;\">Carbon Pricing and Power Sector Decarbonisation: the impact of the UK Carbon Price Floor<\/span><\/a><\/h2>\n<p align=\"justify\"><span style=\"color: #445566;\"><em><span style=\"font-family: book antiqua,palatino; font-size: medium;\">The <span id=\"result_box\" class=\"\" lang=\"en\"><span class=\"\">jury awarded<\/span> <span class=\"\">unanimously<\/span> exemplary work, which opens new perspectives <span class=\"\">for our community<\/span><\/span>.<\/span><\/em><\/span><\/p>\n<p align=\"justify\"><span style=\"color: #445566;\"><em><span style=\"font-family: book antiqua,palatino; font-size: medium;\">The jury included Doroth\u00e9e Charlier, Philippe Delacote, Philippe Mahenc and Agn\u00e8s Tomini, who evaluated the eligible papers under the supervision of Fran\u00e7ois Salani\u00e9 and Fabien Prieur.<\/span> <\/em><\/span><\/p>\n<p align=\"justify\"><a href=\"http:\/\/faere.fr\/en\/news-events\/young-economist-best-paper-faere-award\/settlement\/\" target=\"_blank\" rel=\"noopener noreferrer\">Award settlement<\/a><\/p>\n","protected":false},"excerpt":{"rendered":"<p>6th FAERE Annual Conference \u2013 August 29-30, 2019 \u2013 Rennes &nbsp; For 2019, the Young Economist best paper FAERE Award was attributed to &nbsp; Marion Leroutier (PSE and CIRED) Carbon Pricing and Power Sector Decarbonisation: the impact of the UK Carbon Price Floor The jury awarded unanimously exemplary work, which opens new perspectives for our<\/p>\n","protected":false},"author":4,"featured_media":8580,"parent":44,"menu_order":0,"comment_status":"closed","ping_status":"closed","template":"","meta":{"_acf_changed":false,"footnotes":""},"class_list":["post-9199","page","type-page","status-publish","has-post-thumbnail","hentry"],"acf":[],"_links":{"self":[{"href":"https:\/\/faere.fr\/en\/wp-json\/wp\/v2\/pages\/9199","targetHints":{"allow":["GET"]}}],"collection":[{"href":"https:\/\/faere.fr\/en\/wp-json\/wp\/v2\/pages"}],"about":[{"href":"https:\/\/faere.fr\/en\/wp-json\/wp\/v2\/types\/page"}],"author":[{"embeddable":true,"href":"https:\/\/faere.fr\/en\/wp-json\/wp\/v2\/users\/4"}],"replies":[{"embeddable":true,"href":"https:\/\/faere.fr\/en\/wp-json\/wp\/v2\/comments?post=9199"}],"version-history":[{"count":0,"href":"https:\/\/faere.fr\/en\/wp-json\/wp\/v2\/pages\/9199\/revisions"}],"up":[{"embeddable":true,"href":"https:\/\/faere.fr\/en\/wp-json\/wp\/v2\/pages\/44"}],"wp:featuredmedia":[{"embeddable":true,"href":"https:\/\/faere.fr\/en\/wp-json\/"}],"wp:attachment":[{"href":"https:\/\/faere.fr\/en\/wp-json\/wp\/v2\/media?parent=9199"}],"curies":[{"name":"wp","href":"https:\/\/api.w.org\/{rel}","templated":true}]}}