{"id":8129,"date":"2018-09-06T14:27:19","date_gmt":"2018-09-06T12:27:19","guid":{"rendered":"http:\/\/faere.fr\/?page_id=8129"},"modified":"2018-09-06T14:27:19","modified_gmt":"2018-09-06T12:27:19","slug":"faere-conference-2018-faere-young-economist-best-paper-faere-award","status":"publish","type":"page","link":"https:\/\/faere.fr\/en\/news-events\/conferences-workshops\/faere-2018-conference\/faere-conference-2018-faere-young-economist-best-paper-faere-award\/","title":{"rendered":"FAERE Conference 2018 &#8211; Young Economist best paper FAERE Award"},"content":{"rendered":"<p style=\"text-align: center;\"><strong><em><span style=\"color: #0000ff;\"><span style=\"color: #3366ff;\">5<sup>th<\/sup> FAERE Annual Conference \u2013 August 30-31, 2018 \u2013 Aix-en-Provence<\/span><\/span><\/em><\/strong><\/p>\n<p>&nbsp;<\/p>\n<p style=\"text-align: center;\"><em><strong>For 2018, the Young Economist best paper FAERE Award was awarded to two ex-aequo winners<\/strong><\/em><\/p>\n<table width=\"630\">\n<tbody>\n<tr>\n<td width=\"320\">\n<h2 style=\"text-align: center;\"><span style=\"color: #000000;\">Thomas Douenne (PSE)<\/span><\/h2>\n<p style=\"color: #456; font-family: arial,sans-serif; font-size: 12px; line-height: 1.6em; font-style: italic; margin: 0 0 15px 0; padding: 0;\"><img decoding=\"async\" class=\"aligncenter lazyload\" data-src=\"http:\/\/faere.fr\/wp-content\/uploads\/2018\/09\/Photo_ThomasDouenne-2.jpg\" alt=\"\" width=\"149\" height=\"149\" src=\"data:image\/svg+xml;base64,PHN2ZyB3aWR0aD0iMSIgaGVpZ2h0PSIxIiB4bWxucz0iaHR0cDovL3d3dy53My5vcmcvMjAwMC9zdmciPjwvc3ZnPg==\" style=\"--smush-placeholder-width: 149px; --smush-placeholder-aspect-ratio: 149\/149;\" \/><\/p>\n<\/td>\n<td width=\"320\">\n<h2 style=\"text-align: center;\"><span style=\"color: #000000;\">Aur\u00e9lien Saussay (CIRED and OFCE)<\/span><\/h2>\n<p style=\"color: #456; font-family: arial,sans-serif; font-size: 12px; line-height: 1.6em; font-style: italic; margin: 0 0 15px 0; padding: 0;\"><img decoding=\"async\" class=\"aligncenter lazyload\" data-src=\"http:\/\/faere.fr\/wp-content\/uploads\/2018\/09\/Photo_Aure\u0301lienSaussay.jpg\" alt=\"\" width=\"149\" height=\"149\" src=\"data:image\/svg+xml;base64,PHN2ZyB3aWR0aD0iMSIgaGVpZ2h0PSIxIiB4bWxucz0iaHR0cDovL3d3dy53My5vcmcvMjAwMC9zdmciPjwvc3ZnPg==\" style=\"--smush-placeholder-width: 149px; --smush-placeholder-aspect-ratio: 149\/149;\" \/><\/p>\n<h2 style=\"text-align: center;\"><span style=\"color: #000000;\">and Misato Sato (LSE)<\/span><\/h2>\n<p style=\"color: #456; font-family: arial,sans-serif; font-size: 12px; line-height: 1.6em; font-style: italic; margin: 0 0 15px 0; padding: 0;\"><img decoding=\"async\" class=\"aligncenter lazyload\" data-src=\"http:\/\/faere.fr\/wp-content\/uploads\/2018\/09\/Photo_MisatoSato.jpg\" alt=\"\" width=\"149\" height=\"149\" src=\"data:image\/svg+xml;base64,PHN2ZyB3aWR0aD0iMSIgaGVpZ2h0PSIxIiB4bWxucz0iaHR0cDovL3d3dy53My5vcmcvMjAwMC9zdmciPjwvc3ZnPg==\" style=\"--smush-placeholder-width: 149px; --smush-placeholder-aspect-ratio: 149\/149;\" \/><\/p>\n<\/td>\n<\/tr>\n<tr>\n<td>\n<h2 style=\"text-align: center;\"><a href=\"https:\/\/faere2018.sciencesconf.org\/210562\" target=\"_blank\" rel=\"noopener noreferrer\"><span style=\"color: #800080;\">The vertical and horizontal distributive effects of energy taxes: A micro-simulation study of a French policy<\/span><\/a><\/h2>\n<\/td>\n<td>\n<h2 style=\"text-align: center;\"><a href=\"https:\/\/faere2018.sciencesconf.org\/210756\" target=\"_blank\" rel=\"noopener noreferrer\"><span style=\"color: #800080;\">The impacts of energy prices on industrial foreign investment location: evidence from global firm level data<\/span><\/a><\/h2>\n<\/td>\n<\/tr>\n<\/tbody>\n<\/table>\n<p align=\"justify\"><span style=\"color: #445566;\"><em><span style=\"font-family: book antiqua,palatino; font-size: medium;\">The <span id=\"result_box\" class=\"\" lang=\"en\"><span class=\"\">jury <\/span>unanimously awarded the Prize to these exemplary works, that open new perspectives <span class=\"\">for our community<\/span><\/span>. <\/span><\/em><\/span><\/p>\n<p align=\"justify\"><span style=\"color: #445566;\"><em><span style=\"font-family: book antiqua,palatino; font-size: medium;\">The jury included Fanny Henriet, Marie-H\u00e9l\u00e8ne Hubert, Emmanuelle Lavaine et St\u00e9phane Luchini, who evaluated the eligible papers under the supervision of Fran\u00e7ois Salani\u00e9 and Fabien Prieur.<\/span> <\/em><\/span><\/p>\n<p align=\"justify\"><a href=\"http:\/\/faere.fr\/en\/news-events\/young-economist-best-paper-faere-award\/settlement\/\" target=\"_blank\" rel=\"noopener noreferrer\">Award settlement<\/a><\/p>\n","protected":false},"excerpt":{"rendered":"<p>5th FAERE Annual Conference \u2013 August 30-31, 2018 \u2013 Aix-en-Provence &nbsp; For 2018, the Young Economist best paper FAERE Award was awarded to two ex-aequo winners Thomas Douenne (PSE) Aur\u00e9lien Saussay (CIRED and OFCE) and Misato Sato (LSE) The vertical and horizontal distributive effects of energy taxes: A micro-simulation study of a French policy The<\/p>\n","protected":false},"author":4,"featured_media":0,"parent":7426,"menu_order":0,"comment_status":"closed","ping_status":"closed","template":"","meta":{"_acf_changed":false,"footnotes":""},"class_list":["post-8129","page","type-page","status-publish","hentry"],"acf":[],"_links":{"self":[{"href":"https:\/\/faere.fr\/en\/wp-json\/wp\/v2\/pages\/8129","targetHints":{"allow":["GET"]}}],"collection":[{"href":"https:\/\/faere.fr\/en\/wp-json\/wp\/v2\/pages"}],"about":[{"href":"https:\/\/faere.fr\/en\/wp-json\/wp\/v2\/types\/page"}],"author":[{"embeddable":true,"href":"https:\/\/faere.fr\/en\/wp-json\/wp\/v2\/users\/4"}],"replies":[{"embeddable":true,"href":"https:\/\/faere.fr\/en\/wp-json\/wp\/v2\/comments?post=8129"}],"version-history":[{"count":0,"href":"https:\/\/faere.fr\/en\/wp-json\/wp\/v2\/pages\/8129\/revisions"}],"up":[{"embeddable":true,"href":"https:\/\/faere.fr\/en\/wp-json\/wp\/v2\/pages\/7426"}],"wp:attachment":[{"href":"https:\/\/faere.fr\/en\/wp-json\/wp\/v2\/media?parent=8129"}],"curies":[{"name":"wp","href":"https:\/\/api.w.org\/{rel}","templated":true}]}}