{"id":8030,"date":"2018-07-16T17:09:54","date_gmt":"2018-07-16T15:09:54","guid":{"rendered":"http:\/\/faere.fr\/?page_id=8030"},"modified":"2018-07-16T17:09:54","modified_gmt":"2018-07-16T15:09:54","slug":"faere-conference-2018-program","status":"publish","type":"page","link":"https:\/\/faere.fr\/en\/news-events\/conferences-workshops\/faere-2018-conference\/faere-conference-2018-program\/","title":{"rendered":"FAERE Conference 2018 &#8211; Program"},"content":{"rendered":"<p style=\"text-align: center;\"><strong><em><span style=\"color: #0000ff;\"><span style=\"color: #3366ff;\">5<sup>th<\/sup> FAERE Annual Conference \u2013 August 30-31, 2018 \u2013 Aix-en-Provence<\/span><\/span><\/em><\/strong><\/p>\n<p>&nbsp;<br \/>\n<em><strong>The program is <a href=\"https:\/\/faere2018.sciencesconf.org\/program\/details?forward-action=details&amp;forward-controller=program&amp;lang=en\" target=\"_blank\" rel=\"noopener noreferrer\">online.<\/a> <\/strong><\/em><br \/>\n<em><strong>Here is the list of presenters who confirmed their participation:<br \/>\n<\/strong><\/em><br \/>\n<strong>Guest speakers<\/strong><\/p>\n<table width=\"738\">\n<tbody>\n<tr>\n<td width=\"112\">Christian<\/td>\n<td width=\"164\"><strong>Gollier<\/strong><\/td>\n<td width=\"462\">Toulouse School of Economics<\/td>\n<\/tr>\n<tr>\n<td width=\"112\">Anastasios<\/td>\n<td width=\"164\"><strong>Xepapadeas<\/strong><\/td>\n<td width=\"462\">Athens University of Economics and Business and University of Bologna<\/td>\n<\/tr>\n<\/tbody>\n<\/table>\n<p>&nbsp;<br \/>\n<strong>Parallel sessions<\/strong><\/p>\n<table width=\"738\">\n<tbody>\n<tr>\n<td width=\"112\">Peter<\/td>\n<td width=\"164\"><strong>Agamile<\/strong><\/td>\n<td width=\"462\">University of Manchester<\/td>\n<\/tr>\n<tr>\n<td>Bril\u00e9<\/td>\n<td><strong>Anderson<\/strong><\/td>\n<td>Organisation of Economic Cooperation and Development<\/td>\n<\/tr>\n<tr>\n<td>Henrik<\/td>\n<td><strong>Andersson<\/strong><\/td>\n<td>Toulouse School of Economics<\/td>\n<\/tr>\n<tr>\n<td>Epiphane<\/td>\n<td><strong>Assouan<\/strong><\/td>\n<td>Institut national de recherche en sciences et technologies pour l&#8217;environnement et l&#8217;agriculture (IRSTEA)<\/td>\n<\/tr>\n<tr>\n<td>Ikpidi<\/td>\n<td><strong>Badji<\/strong><\/td>\n<td>Universit\u00e9 Paris Ouest-Nanterre la D\u00e9fense (Paris X), EconomiX<\/td>\n<\/tr>\n<tr>\n<td>Salom\u00e9<\/td>\n<td><strong>Bakaloglou<\/strong><\/td>\n<td>Centre scientifique et technique du b\u00e2timent<\/td>\n<\/tr>\n<tr>\n<td>Olivier<\/td>\n<td><strong>Beaumais<\/strong><\/td>\n<td>Universit\u00e9 de Rouen, Laboratoire Lieux, Identit\u00e9s, eSpaces et Activit\u00e9s (LISA)<\/td>\n<\/tr>\n<tr>\n<td>Alain<\/td>\n<td><strong>Bernard<\/strong><\/td>\n<td>ASSESSECO2<\/td>\n<\/tr>\n<tr>\n<td>Cl\u00e9mence<\/td>\n<td><strong>Bourcet<\/strong><\/td>\n<td>Universit\u00e9 Paris 13 Nord, CEPN<\/td>\n<\/tr>\n<tr>\n<td>Amira<\/td>\n<td><strong>Bouziri<\/strong><\/td>\n<td>Universit\u00e9 Paris-Saclay<\/td>\n<\/tr>\n<tr>\n<td>Emmanuel<\/td>\n<td><strong>Bovari<\/strong><\/td>\n<td>Universit\u00e9 Paris 1 &#8211; Panth\u00e9on Sorbonne<\/td>\n<\/tr>\n<tr>\n<td>Doroth\u00e9e<\/td>\n<td><strong>Br\u00e9card<\/strong><\/td>\n<td>Universit\u00e9 de Toulon et du Var, Laboratoire d&#8217;\u00e9conomie appliqu\u00e9e au d\u00e9veloppement (LEAD)<\/td>\n<\/tr>\n<tr>\n<td>Sandrine<\/td>\n<td><strong>Br\u00e8teau-Amores<\/strong><\/td>\n<td>INRA<\/td>\n<\/tr>\n<tr>\n<td>Robert<\/td>\n<td><strong>Cairns<\/strong><\/td>\n<td>McGill University<\/td>\n<\/tr>\n<tr>\n<td>Lesly<\/td>\n<td><strong>Cassin<\/strong><\/td>\n<td>Universit\u00e9 Paris Ouest-Nanterre la D\u00e9fense (Paris X), EconomiX<\/td>\n<\/tr>\n<tr>\n<td>Victor<\/td>\n<td><strong>Champonnois<\/strong><\/td>\n<td>Aix Marseille Universit\u00e9, AMSE<\/td>\n<\/tr>\n<tr>\n<td>Anne-Sarah<\/td>\n<td><strong>Chiambretto<\/strong><\/td>\n<td>INRA, Centre d&#8217;\u00e9conomie et de sociologie appliqu\u00e9es \u00e0 l&#8217;agriculture et aux espaces ruraux (CESAER)<\/td>\n<\/tr>\n<tr>\n<td>Mireille<\/td>\n<td><strong>Chiroleu-Assouline<\/strong><\/td>\n<td>Universit\u00e9 Paris 1 Panth\u00e9on-Sorbonne, PSE<\/td>\n<\/tr>\n<tr>\n<td>Johanna<\/td>\n<td><strong>Choumert Nkolo<\/strong><\/td>\n<td>Economic Development Initiatives (E.D.I.)<\/td>\n<\/tr>\n<tr>\n<td>Edouard<\/td>\n<td><strong>Civel<\/strong><\/td>\n<td>EconomiX, Chaire \u00e9conomie du climat<\/td>\n<\/tr>\n<tr>\n<td>Chiara<\/td>\n<td><strong>Colesanti Senni<\/strong><\/td>\n<td>ETH Zurich<\/td>\n<\/tr>\n<tr>\n<td>Philippe<\/td>\n<td><strong>Colo<\/strong><\/td>\n<td>PSE-Ecole d&#8217;\u00e9conomie de Paris<\/td>\n<\/tr>\n<tr>\n<td>Adrien<\/td>\n<td><strong>Corneille<\/strong><\/td>\n<td>Centre d&#8217;\u00e9tudes et de recherches sur le d\u00e9veloppement international<\/td>\n<\/tr>\n<tr>\n<td>Filippo-Maria<\/td>\n<td><strong>D&#8217;Arcangelo<\/strong><\/td>\n<td>Toulouse School of Economics<\/td>\n<\/tr>\n<tr>\n<td>Vera<\/td>\n<td><strong>Danilina<\/strong><\/td>\n<td>Aix Marseille Universit\u00e9, AMSE<\/td>\n<\/tr>\n<tr>\n<td>Stellio<\/td>\n<td><strong>Del Campo<\/strong><\/td>\n<td>Universit\u00e9 Paris Ouest-Nanterre la D\u00e9fense (Paris X), EconomiX<\/td>\n<\/tr>\n<tr>\n<td>Thomas<\/td>\n<td><strong>Douenne<\/strong><\/td>\n<td>PSE-Ecole d&#8217;\u00e9conomie de Paris<\/td>\n<\/tr>\n<tr>\n<td>Arnaud<\/td>\n<td><strong>Dragicevic<\/strong><\/td>\n<td>IRSTEA<\/td>\n<\/tr>\n<tr>\n<td>Louis<\/td>\n<td><strong>Dupuy<\/strong><\/td>\n<td>University of St Andrews<\/td>\n<\/tr>\n<tr>\n<td>Damien<\/td>\n<td><strong>Dussaux<\/strong><\/td>\n<td>Grantham Research Institute on Climate Change and the Environment<\/td>\n<\/tr>\n<tr>\n<td>Charles<\/td>\n<td><strong>Figui\u00e8res<\/strong><\/td>\n<td>Aix Marseille Universit\u00e9, AMSE<\/td>\n<\/tr>\n<tr>\n<td>Serge<\/td>\n<td><strong>Garcia<\/strong><\/td>\n<td>INRA, Bureau d&#8217;\u00e9conomie th\u00e9orique et appliqu\u00e9e (BETA)<\/td>\n<\/tr>\n<tr>\n<td>Claire<\/td>\n<td><strong>Gavard<\/strong><\/td>\n<td>Zentrum f\u00fcr Europ\u00e4ische Wirtschaftsforschung (ZEW)<\/td>\n<\/tr>\n<tr>\n<td>Marianna<\/td>\n<td><strong>Gilli<\/strong><\/td>\n<td>Universit\u00e0 degli Studi di Ferrara<\/td>\n<\/tr>\n<tr>\n<td>Louis-Ga\u00ebtan<\/td>\n<td><strong>Giraudet<\/strong><\/td>\n<td>Centre international de recherche sur l&#8217;environnement et le d\u00e9veloppement (CIRED)<\/td>\n<\/tr>\n<tr>\n<td>Matthieu<\/td>\n<td><strong>Glachant<\/strong><\/td>\n<td>CERNA, MINES ParisTech<\/td>\n<\/tr>\n<tr>\n<td>Amandine<\/td>\n<td><strong>Gnonlonfin<\/strong><\/td>\n<td>Universit\u00e9 de Toulon et du Var, Laboratoire d&#8217;\u00e9conomie appliqu\u00e9e au d\u00e9veloppement (LEAD)<\/td>\n<\/tr>\n<tr>\n<td>Lluis<\/td>\n<td><strong>Granero<\/strong><\/td>\n<td>Universitat de Val\u00e8ncia<\/td>\n<\/tr>\n<tr>\n<td>Pedro<\/td>\n<td><strong>Guimaraes Naso<\/strong><\/td>\n<td>The Graduate Institute of International and Development Studies<\/td>\n<\/tr>\n<tr>\n<td>Julien<\/td>\n<td><strong>Hanoteau<\/strong><\/td>\n<td>Kedge Business School<\/td>\n<\/tr>\n<tr>\n<td>Marie-H\u00e9l\u00e8ne<\/td>\n<td><strong>Hubert<\/strong><\/td>\n<td>University of Rennes 1, CREM<\/td>\n<\/tr>\n<tr>\n<td>Niko<\/td>\n<td><strong>Jaakkola<\/strong><\/td>\n<td>ifo Institut &#8211; Leibniz-Institut f\u00fcr Wirtschaftsforschung an der Universit\u00e4t M\u00fcnchen e.V.<\/td>\n<\/tr>\n<tr>\n<td>Julien<\/td>\n<td><strong>Jacqmin<\/strong><\/td>\n<td>University of Li\u00e8ge, HEC Management School<\/td>\n<\/tr>\n<tr>\n<td>Asadullah<\/td>\n<td><strong>Jawid<\/strong><\/td>\n<td>Christian-Albrechts-Universit\u00e4t zu Kiel<\/td>\n<\/tr>\n<tr>\n<td>Anicet<\/td>\n<td><strong>Kabr\u00e9<\/strong><\/td>\n<td>Universit\u00e9 Paris Ouest-Nanterre la D\u00e9fense (Paris X), EconomiX<\/td>\n<\/tr>\n<tr>\n<td>Najla<\/td>\n<td><strong>Kamergi<\/strong><\/td>\n<td>Universit\u00e9 de Toulon et du Var, Laboratoire d&#8217;\u00e9conomie appliqu\u00e9e au d\u00e9veloppement (LEAD)<\/td>\n<\/tr>\n<tr>\n<td>Derya<\/td>\n<td><strong>Keles<\/strong><\/td>\n<td>INRA, Bureau d&#8217;\u00e9conomie th\u00e9orique et appliqu\u00e9e (BETA)<\/td>\n<\/tr>\n<tr>\n<td>Yassine<\/td>\n<td><strong>Kirat<\/strong><\/td>\n<td>PSE-Ecole d&#8217;\u00e9conomie de Paris<\/td>\n<\/tr>\n<tr>\n<td>Jean-Charles<\/td>\n<td><strong>Latourte<\/strong><\/td>\n<td>INRA, CEE-M<\/td>\n<\/tr>\n<tr>\n<td>Emmanuelle<\/td>\n<td><strong>Lavaine<\/strong><\/td>\n<td>Universit\u00e9 de Montpellier I, Centre d&#8217;\u00c9conomie de l&#8217;Environnement &#8211; Montpellier (CEE-M)<\/td>\n<\/tr>\n<tr>\n<td>St\u00e9phane<\/td>\n<td><strong>Luchini<\/strong><\/td>\n<td>CNRS, AMSE<\/td>\n<\/tr>\n<tr>\n<td>George<\/td>\n<td><strong>Marbuah<\/strong><\/td>\n<td>Sveriges Lantbruksuniversitet<\/td>\n<\/tr>\n<tr>\n<td>Vincent<\/td>\n<td><strong>Martinet<\/strong><\/td>\n<td>INRA, Economie Publique<\/td>\n<\/tr>\n<tr>\n<td>Masha<\/td>\n<td><strong>Maslianskaia-Pautrel<\/strong><\/td>\n<td>Universit\u00e9 d&#8217;Angers, Groupe de recherche angevin en \u00e9conomie et management (GRANEM)<\/td>\n<\/tr>\n<tr>\n<td>Charles<\/td>\n<td><strong>Mason<\/strong><\/td>\n<td>University of Wyoming<\/td>\n<\/tr>\n<tr>\n<td>Antony<\/td>\n<td><strong>Millner<\/strong><\/td>\n<td>London School of Economics<\/td>\n<\/tr>\n<tr>\n<td>Sanghamitra C.<\/td>\n<td><strong>Mukherjee<\/strong><\/td>\n<td>University College Dublin<\/td>\n<\/tr>\n<tr>\n<td>Christophe<\/td>\n<td><strong>Muller<\/strong><\/td>\n<td>Aix Marseille Universit\u00e9, AMSE<\/td>\n<\/tr>\n<tr>\n<td>C\u00e9line<\/td>\n<td><strong>Nauges<\/strong><\/td>\n<td>Toulouse School of Economics<\/td>\n<\/tr>\n<tr>\n<td>Youba<\/td>\n<td><strong>Ndiaye<\/strong><\/td>\n<td>INRA, Centre d&#8217;\u00e9conomie et de sociologie appliqu\u00e9es \u00e0 l&#8217;agriculture et aux espaces ruraux (CESAER)<\/td>\n<\/tr>\n<tr>\n<td>Armel<\/td>\n<td><strong>Ngami<\/strong><\/td>\n<td>Aix Marseille Universit\u00e9, AMSE<\/td>\n<\/tr>\n<tr>\n<td>Huu Thanh Tam<\/td>\n<td><strong>Nguyen<\/strong><\/td>\n<td>Universit\u00e9 de Rouen, Centre de recherche en \u00e9conomie appliqu\u00e9e \u00e0 la mondialisation (CREAM)<\/td>\n<\/tr>\n<tr>\n<td>Maxime<\/td>\n<td><strong>Ollier<\/strong><\/td>\n<td>INRA, Economie Publique<\/td>\n<\/tr>\n<tr>\n<td>Anthony<\/td>\n<td><strong>Paris<\/strong><\/td>\n<td>Universit\u00e9 Paris Ouest-Nanterre la D\u00e9fense (Paris X), EconomiX<\/td>\n<\/tr>\n<tr>\n<td>Aimilia<\/td>\n<td><strong>Pattakou<\/strong><\/td>\n<td>ETH Zurich<\/td>\n<\/tr>\n<tr>\n<td>Pierre<\/td>\n<td><strong>Pecher<\/strong><\/td>\n<td>Aix Marseille Universit\u00e9, AMSE<\/td>\n<\/tr>\n<tr>\n<td>Thao<\/td>\n<td><strong>Pham<\/strong><\/td>\n<td>INRA, Centre d&#8217;\u00e9conomie et de sociologie appliqu\u00e9es \u00e0 l&#8217;agriculture et aux espaces ruraux (CESAER)<\/td>\n<\/tr>\n<tr>\n<td>Fabien<\/td>\n<td><strong>Prieur<\/strong><\/td>\n<td>Universit\u00e9 Paris Ouest-Nanterre la D\u00e9fense (Paris X), EconomiX<\/td>\n<\/tr>\n<tr>\n<td>Simon<\/td>\n<td><strong>Quemin<\/strong><\/td>\n<td>Universit\u00e9 Paris-Dauphine (Paris IX), Chaire de g\u00e9opolitique de l&#8217;\u00e9nergie et des mati\u00e8res premi\u00e8res (CGEMP)<\/td>\n<\/tr>\n<tr>\n<td>Nicolas<\/td>\n<td><strong>Qu\u00e9rou<\/strong><\/td>\n<td>Universit\u00e9 de Montpellier I, Centre d&#8217;\u00c9conomie de l&#8217;Environnement &#8211; Montpellier (CEE-M)<\/td>\n<\/tr>\n<tr>\n<td>Arnaud<\/td>\n<td><strong>Reynaud<\/strong><\/td>\n<td>Toulouse School of Economics<\/td>\n<\/tr>\n<tr>\n<td>Miguel<\/td>\n<td><strong>Rivi\u00e8re<\/strong><\/td>\n<td>INRA, Bureau d&#8217;\u00e9conomie th\u00e9orique et appliqu\u00e9e (BETA)<\/td>\n<\/tr>\n<tr>\n<td>Iman<\/td>\n<td><strong>Salem<\/strong><\/td>\n<td>University of Li\u00e8ge, HEC Management School<\/td>\n<\/tr>\n<tr>\n<td>Aur\u00e9lien<\/td>\n<td><strong>Saussay<\/strong><\/td>\n<td>OFCE, Sciences Po<\/td>\n<\/tr>\n<tr>\n<td>Katheline<\/td>\n<td><strong>Schubert<\/strong><\/td>\n<td>PSE-Ecole d&#8217;\u00e9conomie de Paris<\/td>\n<\/tr>\n<tr>\n<td>Sonia<\/td>\n<td><strong>Schwartz<\/strong><\/td>\n<td>Centre d&#8217;\u00e9tudes et de recherches sur le developpement international (CERDI)<\/td>\n<\/tr>\n<tr>\n<td>Jules<\/td>\n<td><strong>Selles<\/strong><\/td>\n<td>Universit\u00e9 de Nantes<\/td>\n<\/tr>\n<tr>\n<td>Anam<\/td>\n<td><strong>Shehzadi<\/strong><\/td>\n<td>Universit\u00e4t Kassel<\/td>\n<\/tr>\n<tr>\n<td>Sylvain<\/td>\n<td><strong>Sourisseau<\/strong><\/td>\n<td>Universit\u00e9 d&#8217;\u00c9vry-Val-d&#8217;Essonne, Centre d&#8217;\u00e9tudes des politiques \u00e9conomiques<\/td>\n<\/tr>\n<tr>\n<td>Hubert<\/td>\n<td><strong>Stahn<\/strong><\/td>\n<td>Aix Marseille Universit\u00e9, AMSE<\/td>\n<\/tr>\n<tr>\n<td>Paul-Herv\u00e9<\/td>\n<td><strong>Tamokoue Kamga<\/strong><\/td>\n<td>CERNA, MINES ParisTech<\/td>\n<\/tr>\n<tr>\n<td>Sorel<\/td>\n<td><strong>Tchatchouang<\/strong><\/td>\n<td>University of Yaound\u00e9 II<\/td>\n<\/tr>\n<tr>\n<td>Laetitia<\/td>\n<td><strong>Tuffery<\/strong><\/td>\n<td>INRA, Bureau d&#8217;\u00e9conomie th\u00e9orique et appliqu\u00e9e (BETA)<\/td>\n<\/tr>\n<tr>\n<td>Jaune<\/td>\n<td><strong>Vaitkeviciute<\/strong><\/td>\n<td>INRA, Centre d&#8217;\u00e9conomie et de sociologie appliqu\u00e9es \u00e0 l&#8217;agriculture et aux espaces ruraux (CESAER)<\/td>\n<\/tr>\n<tr>\n<td>Kathryn<\/td>\n<td><strong>Vasilaky<\/strong><\/td>\n<td>Columbia University<\/td>\n<\/tr>\n<tr>\n<td>Ma\u00efmouna<\/td>\n<td><strong>Yokessa<\/strong><\/td>\n<td>INRA, Economie Publique<\/td>\n<\/tr>\n<tr>\n<td>Cees<\/td>\n<td><strong>Withagen<\/strong><\/td>\n<td>Institut de Pr\u00e9paration \u00e0 l&#8217;Administration et \u00e0 la Gestion (IPAG)<\/td>\n<\/tr>\n<tr>\n<td>Youssef<\/td>\n<td><strong>Zaiter<\/strong><\/td>\n<td>GEStion Territoriale de l&#8217;Eau et de l&#8217;environnement (GESTE)<\/td>\n<\/tr>\n<\/tbody>\n<\/table>\n<p>&nbsp;<\/p>\n","protected":false},"excerpt":{"rendered":"<p>5th FAERE Annual Conference \u2013 August 30-31, 2018 \u2013 Aix-en-Provence &nbsp; The program is online. Here is the list of presenters who confirmed their participation: Guest speakers Christian Gollier Toulouse School of Economics Anastasios Xepapadeas Athens University of Economics and Business and University of Bologna &nbsp; Parallel sessions Peter Agamile University of Manchester Bril\u00e9 Anderson<\/p>\n","protected":false},"author":4,"featured_media":0,"parent":7426,"menu_order":0,"comment_status":"closed","ping_status":"closed","template":"","meta":{"_acf_changed":false,"footnotes":""},"class_list":["post-8030","page","type-page","status-publish","hentry"],"acf":[],"_links":{"self":[{"href":"https:\/\/faere.fr\/en\/wp-json\/wp\/v2\/pages\/8030","targetHints":{"allow":["GET"]}}],"collection":[{"href":"https:\/\/faere.fr\/en\/wp-json\/wp\/v2\/pages"}],"about":[{"href":"https:\/\/faere.fr\/en\/wp-json\/wp\/v2\/types\/page"}],"author":[{"embeddable":true,"href":"https:\/\/faere.fr\/en\/wp-json\/wp\/v2\/users\/4"}],"replies":[{"embeddable":true,"href":"https:\/\/faere.fr\/en\/wp-json\/wp\/v2\/comments?post=8030"}],"version-history":[{"count":0,"href":"https:\/\/faere.fr\/en\/wp-json\/wp\/v2\/pages\/8030\/revisions"}],"up":[{"embeddable":true,"href":"https:\/\/faere.fr\/en\/wp-json\/wp\/v2\/pages\/7426"}],"wp:attachment":[{"href":"https:\/\/faere.fr\/en\/wp-json\/wp\/v2\/media?parent=8030"}],"curies":[{"name":"wp","href":"https:\/\/api.w.org\/{rel}","templated":true}]}}