{"id":6127,"date":"2017-03-20T07:18:43","date_gmt":"2017-03-20T06:18:43","guid":{"rendered":"http:\/\/faere.fr\/?page_id=6127"},"modified":"2017-03-20T07:18:43","modified_gmt":"2017-03-20T06:18:43","slug":"faere-conference-2017-program-committee","status":"publish","type":"page","link":"https:\/\/faere.fr\/en\/news-events\/conferences-workshops\/past-conferences\/faere-2017-conference\/faere-conference-2017-program-committee\/","title":{"rendered":"FAERE Conference 2017 &#8211; Program Committee"},"content":{"rendered":"<p style=\"text-align: center;\"><strong><em><span style=\"color: #0000ff;\"><span style=\"color: #3366ff;\">4<sup>th<\/sup> FAERE Annual Conference \u2013 September 12-13, 2017 \u2013 Nancy<\/span><\/span><\/em><\/strong><\/p>\n<p><strong>Program Chairs:<\/strong><\/p>\n<ul>\n<li>Charles Figui\u00e8res<\/li>\n<li>Fran\u00e7ois Salani\u00e9<\/li>\n<\/ul>\n<p><strong>Program Committee:<\/strong><\/p>\n<ul>\n<li>Serge Garcia, Responsible for LEF<\/li>\n<li>Bruno Jeandidier, Responsible for Beta<\/li>\n<li>Jens Abildtrup, LEF<\/li>\n<li>Pablo Andr\u00e9s-Domenech, LEF<\/li>\n<li>G\u00e9raldine Bocqu\u00e9ho, LEF<\/li>\n<li>Marielle Brunette, LEF<\/li>\n<li>Sylvain Caurla, LEF<\/li>\n<li>Olivier Damette, Beta<\/li>\n<li>Philippe Delacote, LEF<\/li>\n<li>David Desmarchelier, Beta<\/li>\n<li>Julien Jacob, Beta<\/li>\n<li>Antoine Leblois, LEF<\/li>\n<li>Antonello Lobianco, LEF<\/li>\n<li>Claire Montagn\u00e9-Huck, LEF<\/li>\n<li>Phu Nguyen-Van, Beta<\/li>\n<li>Alexandra Niedzwiedz, LEF<\/li>\n<li>Benjamin Ouvrard, LEF<\/li>\n<li>Anne Stenger, LEF<\/li>\n<li>L\u00e9a Tardieu, LEF<\/li>\n<li>Laetitia Tuffery, LEF<\/li>\n<\/ul>\n","protected":false},"excerpt":{"rendered":"<p>4th FAERE Annual Conference \u2013 September 12-13, 2017 \u2013 Nancy Program Chairs: Charles Figui\u00e8res Fran\u00e7ois Salani\u00e9 Program Committee: Serge Garcia, Responsible for LEF Bruno Jeandidier, Responsible for Beta Jens Abildtrup, LEF Pablo Andr\u00e9s-Domenech, LEF G\u00e9raldine Bocqu\u00e9ho, LEF Marielle Brunette, LEF Sylvain Caurla, LEF Olivier Damette, Beta Philippe Delacote, LEF David Desmarchelier, Beta Julien Jacob, Beta<\/p>\n","protected":false},"author":4,"featured_media":6085,"parent":6096,"menu_order":3,"comment_status":"closed","ping_status":"closed","template":"","meta":{"_acf_changed":false,"footnotes":""},"class_list":["post-6127","page","type-page","status-publish","has-post-thumbnail","hentry"],"acf":[],"_links":{"self":[{"href":"https:\/\/faere.fr\/en\/wp-json\/wp\/v2\/pages\/6127","targetHints":{"allow":["GET"]}}],"collection":[{"href":"https:\/\/faere.fr\/en\/wp-json\/wp\/v2\/pages"}],"about":[{"href":"https:\/\/faere.fr\/en\/wp-json\/wp\/v2\/types\/page"}],"author":[{"embeddable":true,"href":"https:\/\/faere.fr\/en\/wp-json\/wp\/v2\/users\/4"}],"replies":[{"embeddable":true,"href":"https:\/\/faere.fr\/en\/wp-json\/wp\/v2\/comments?post=6127"}],"version-history":[{"count":0,"href":"https:\/\/faere.fr\/en\/wp-json\/wp\/v2\/pages\/6127\/revisions"}],"up":[{"embeddable":true,"href":"https:\/\/faere.fr\/en\/wp-json\/wp\/v2\/pages\/6096"}],"wp:featuredmedia":[{"embeddable":true,"href":"https:\/\/faere.fr\/en\/wp-json\/"}],"wp:attachment":[{"href":"https:\/\/faere.fr\/en\/wp-json\/wp\/v2\/media?parent=6127"}],"curies":[{"name":"wp","href":"https:\/\/api.w.org\/{rel}","templated":true}]}}