{"id":54,"date":"2013-08-30T19:08:36","date_gmt":"2013-08-30T17:08:36","guid":{"rendered":"http:\/\/faere.fr\/WordPress3\/?page_id=54"},"modified":"2013-08-30T19:08:36","modified_gmt":"2013-08-30T17:08:36","slug":"submit-your-paper","status":"publish","type":"page","link":"https:\/\/faere.fr\/en\/submit-your-paper\/","title":{"rendered":"Publish your paper"},"content":{"rendered":"<p>To make the works of the French or French speaking environmental economists more visible, the FAERE launches two series of working papers. The <strong>Working Papers<\/strong> gather academic works, supposed to be <em>in fine<\/em> submitted to a scientific journal. The <strong>Policy Papers<\/strong> are intended for a larger audience and, in the FAERE field, they often concern environmental public policies&#8217; analysis and evaluation.<\/p>\n<div><\/div>\n<p>Remember that you may publish your paper in these FAERE series, and simultaneously publish in other WP series or in academic journals. In the latter case, thanks for informing us when your article is published, so that we can make public this good news.&lt;<\/p>\n<div><\/div>\n<p>Any working paper, or policy paper, may be published, provided it belongs to the FAERE field, and is not protected by copyright.<br \/>\nThe FAERE membership is not a necessary condition (but the FAERE would appreciate your support!).<\/p>\n<div><\/div>\n<p>The <a title=\"The Editorial Boards\" href=\"http:\/\/faere.fr\/working-and-policy-papers-2\/the-editorial-boards\/\">Editorial Board<\/a> provides a benevolent refereeing before publication on this website. An anonymous report, diligent and helpful will be sent to the authors: strengths and weaknesses of the paper, scientific reviews where to submit your paper&#8230;<br \/>\nFor papers already accepted for publication in peer-reviewed journals, the process will be accelerated.<\/p>\n<div><\/div>\n<p>To ensure a better visibility to your works, it would be preferable to publish papers written in English in these series. But authors who prefer to publish in French may also submit.<br \/>\n&nbsp;<br \/>\nPlease fill the following form and send your paper in pdf format.<br \/>\nIn case of any technical issue during the submission, please write to <a href=\"mailto:contact@faere.fr\">contact[at]faere.fr<\/a>. But, for any request after your submission, please write to <a href=\"mailto:working_papers@faere.fr\">working_papers[at]faere.fr<\/a>.<br \/>\n\n<div class=\"wpcf7 no-js\" id=\"wpcf7-f11548-o1\" lang=\"fr-FR\" dir=\"ltr\" data-wpcf7-id=\"11548\">\n<div class=\"screen-reader-response\"><p role=\"status\" aria-live=\"polite\" aria-atomic=\"true\"><\/p> <ul><\/ul><\/div>\n<form action=\"\/en\/wp-json\/wp\/v2\/pages\/54#wpcf7-f11548-o1\" method=\"post\" class=\"wpcf7-form init\" aria-label=\"Formulaire de contact\" enctype=\"multipart\/form-data\" novalidate=\"novalidate\" data-status=\"init\">\n<fieldset class=\"hidden-fields-container\"><input type=\"hidden\" name=\"_wpcf7\" value=\"11548\" \/><input type=\"hidden\" name=\"_wpcf7_version\" value=\"6.1.5\" \/><input type=\"hidden\" name=\"_wpcf7_locale\" value=\"fr_FR\" \/><input type=\"hidden\" name=\"_wpcf7_unit_tag\" value=\"wpcf7-f11548-o1\" \/><input type=\"hidden\" name=\"_wpcf7_container_post\" value=\"0\" \/><input type=\"hidden\" name=\"_wpcf7_posted_data_hash\" value=\"\" \/><input type=\"hidden\" name=\"_wpcf7_recaptcha_response\" value=\"\" \/>\n<\/fieldset>\n<p>Your name (required)\n<\/p>\n<p><span class=\"wpcf7-form-control-wrap\" data-name=\"your-name\"><input size=\"40\" maxlength=\"400\" class=\"wpcf7-form-control wpcf7-text wpcf7-validates-as-required\" aria-required=\"true\" aria-invalid=\"false\" value=\"\" type=\"text\" name=\"your-name\" \/><\/span>\n<\/p>\n<p>Your first name (required)\n<\/p>\n<p><span class=\"wpcf7-form-control-wrap\" data-name=\"your-firstname\"><input size=\"40\" maxlength=\"400\" class=\"wpcf7-form-control wpcf7-text wpcf7-validates-as-required\" aria-required=\"true\" aria-invalid=\"false\" value=\"\" type=\"text\" name=\"your-firstname\" \/><\/span>\n<\/p>\n<p>Your email (required)\n<\/p>\n<p><span class=\"wpcf7-form-control-wrap\" data-name=\"your-email\"><input size=\"40\" maxlength=\"400\" class=\"wpcf7-form-control wpcf7-email wpcf7-validates-as-required wpcf7-text wpcf7-validates-as-email\" aria-required=\"true\" aria-invalid=\"false\" value=\"\" type=\"email\" name=\"your-email\" \/><\/span>\n<\/p>\n<p>Title of the submitted paper (required)\n<\/p>\n<p><span class=\"wpcf7-form-control-wrap\" data-name=\"your-title\"><input size=\"50\" maxlength=\"150\" class=\"wpcf7-form-control wpcf7-text wpcf7-validates-as-required\" aria-required=\"true\" aria-invalid=\"false\" value=\"\" type=\"text\" name=\"your-title\" \/><\/span>\n<\/p>\n<p>Fill in, for all authors, including you (required) in the signature order: Name, First Name, Affiliation, Email, and Short-ID RePEc as 'ppp00' if the author has registered in RePEc (find them for each author with this tool: <a href=\"https:\/\/ideas.repec.org\/cgi-bin\/shortid.cgi\" target=\"_blank\">RePEc Lookup tool<\/a>)\n<\/p>\n<p><strong>Author 1<\/strong><br \/>\nName (required): <span class=\"wpcf7-form-control-wrap\" data-name=\"your-name1\"><input size=\"40\" maxlength=\"400\" class=\"wpcf7-form-control wpcf7-text wpcf7-validates-as-required\" aria-required=\"true\" aria-invalid=\"false\" value=\"\" type=\"text\" name=\"your-name1\" \/><\/span><br \/>\nFirst Name (required): <span class=\"wpcf7-form-control-wrap\" data-name=\"your-firstname1\"><input size=\"40\" maxlength=\"400\" class=\"wpcf7-form-control wpcf7-text wpcf7-validates-as-required\" aria-required=\"true\" aria-invalid=\"false\" value=\"\" type=\"text\" name=\"your-firstname1\" \/><\/span><br \/>\nAffiliation (required): <span class=\"wpcf7-form-control-wrap\" data-name=\"your-affiliation1\"><input size=\"40\" maxlength=\"400\" class=\"wpcf7-form-control wpcf7-text wpcf7-validates-as-required\" aria-required=\"true\" aria-invalid=\"false\" value=\"\" type=\"text\" name=\"your-affiliation1\" \/><\/span><br \/>\nEmail: <span class=\"wpcf7-form-control-wrap\" data-name=\"your-email1\"><input size=\"40\" maxlength=\"400\" class=\"wpcf7-form-control wpcf7-email wpcf7-text wpcf7-validates-as-email\" aria-invalid=\"false\" value=\"\" type=\"email\" name=\"your-email1\" \/><\/span><br \/>\nShort-ID RePEc: <span class=\"wpcf7-form-control-wrap\" data-name=\"your-shortid1\"><input size=\"40\" maxlength=\"400\" class=\"wpcf7-form-control wpcf7-text\" aria-invalid=\"false\" value=\"\" type=\"text\" name=\"your-shortid1\" \/><\/span>\n<\/p>\n<p><strong>Author 2<\/strong><br \/>\nName: <span class=\"wpcf7-form-control-wrap\" data-name=\"your-name2\"><input size=\"40\" maxlength=\"400\" class=\"wpcf7-form-control wpcf7-text\" aria-invalid=\"false\" value=\"\" type=\"text\" name=\"your-name2\" \/><\/span><br \/>\nFirst Name: <span class=\"wpcf7-form-control-wrap\" data-name=\"your-firstname2\"><input size=\"40\" maxlength=\"400\" class=\"wpcf7-form-control wpcf7-text\" aria-invalid=\"false\" value=\"\" type=\"text\" name=\"your-firstname2\" \/><\/span><br \/>\nAffiliation: <span class=\"wpcf7-form-control-wrap\" data-name=\"your-affiliation2\"><input size=\"40\" maxlength=\"400\" class=\"wpcf7-form-control wpcf7-text\" aria-invalid=\"false\" value=\"\" type=\"text\" name=\"your-affiliation2\" \/><\/span><br \/>\nEmail: <span class=\"wpcf7-form-control-wrap\" data-name=\"your-email2\"><input size=\"40\" maxlength=\"400\" class=\"wpcf7-form-control wpcf7-email wpcf7-text wpcf7-validates-as-email\" aria-invalid=\"false\" value=\"\" type=\"email\" name=\"your-email2\" \/><\/span><br \/>\nShort-ID RePEc: <span class=\"wpcf7-form-control-wrap\" data-name=\"your-shortid2\"><input size=\"40\" maxlength=\"400\" class=\"wpcf7-form-control wpcf7-text\" aria-invalid=\"false\" value=\"\" type=\"text\" name=\"your-shortid2\" \/><\/span>\n<\/p>\n<p><strong>Author 3<\/strong><br \/>\nName: <span class=\"wpcf7-form-control-wrap\" data-name=\"your-name3\"><input size=\"40\" maxlength=\"400\" class=\"wpcf7-form-control wpcf7-text\" aria-invalid=\"false\" value=\"\" type=\"text\" name=\"your-name3\" \/><\/span><br \/>\nFirst Name: <span class=\"wpcf7-form-control-wrap\" data-name=\"your-firstname3\"><input size=\"40\" maxlength=\"400\" class=\"wpcf7-form-control wpcf7-text\" aria-invalid=\"false\" value=\"\" type=\"text\" name=\"your-firstname3\" \/><\/span><br \/>\nAffiliation: <span class=\"wpcf7-form-control-wrap\" data-name=\"your-affiliation3\"><input size=\"40\" maxlength=\"400\" class=\"wpcf7-form-control wpcf7-text\" aria-invalid=\"false\" value=\"\" type=\"text\" name=\"your-affiliation3\" \/><\/span><br \/>\nEmail: <span class=\"wpcf7-form-control-wrap\" data-name=\"your-email3\"><input size=\"40\" maxlength=\"400\" class=\"wpcf7-form-control wpcf7-email wpcf7-text wpcf7-validates-as-email\" aria-invalid=\"false\" value=\"\" type=\"email\" name=\"your-email3\" \/><\/span><br \/>\nShort-ID RePEc: <span class=\"wpcf7-form-control-wrap\" data-name=\"your-shortid3\"><input size=\"40\" maxlength=\"400\" class=\"wpcf7-form-control wpcf7-text\" aria-invalid=\"false\" value=\"\" type=\"text\" name=\"your-shortid3\" \/><\/span>\n<\/p>\n<p><strong>Author 4<\/strong><br \/>\nName: <span class=\"wpcf7-form-control-wrap\" data-name=\"your-name4\"><input size=\"40\" maxlength=\"400\" class=\"wpcf7-form-control wpcf7-text\" aria-invalid=\"false\" value=\"\" type=\"text\" name=\"your-name4\" \/><\/span><br \/>\nFirst Name: <span class=\"wpcf7-form-control-wrap\" data-name=\"your-firstname4\"><input size=\"40\" maxlength=\"400\" class=\"wpcf7-form-control wpcf7-text\" aria-invalid=\"false\" value=\"\" type=\"text\" name=\"your-firstname4\" \/><\/span><br \/>\nAffiliation: <span class=\"wpcf7-form-control-wrap\" data-name=\"your-affiliation4\"><input size=\"40\" maxlength=\"400\" class=\"wpcf7-form-control wpcf7-text\" aria-invalid=\"false\" value=\"\" type=\"text\" name=\"your-affiliation4\" \/><\/span><br \/>\nEmail: <span class=\"wpcf7-form-control-wrap\" data-name=\"your-email4\"><input size=\"40\" maxlength=\"400\" class=\"wpcf7-form-control wpcf7-email wpcf7-text wpcf7-validates-as-email\" aria-invalid=\"false\" value=\"\" type=\"email\" name=\"your-email4\" \/><\/span><br \/>\nShort-ID RePEc: <span class=\"wpcf7-form-control-wrap\" data-name=\"your-shortid4\"><input size=\"40\" maxlength=\"400\" class=\"wpcf7-form-control wpcf7-text\" aria-invalid=\"false\" value=\"\" type=\"text\" name=\"your-shortid4\" \/><\/span>\n<\/p>\n<p><strong>Author 5<\/strong><br \/>\nName: <span class=\"wpcf7-form-control-wrap\" data-name=\"your-name5\"><input size=\"40\" maxlength=\"400\" class=\"wpcf7-form-control wpcf7-text\" aria-invalid=\"false\" value=\"\" type=\"text\" name=\"your-name5\" \/><\/span><br \/>\nFirst Name: <span class=\"wpcf7-form-control-wrap\" data-name=\"your-firstname5\"><input size=\"40\" maxlength=\"400\" class=\"wpcf7-form-control wpcf7-text\" aria-invalid=\"false\" value=\"\" type=\"text\" name=\"your-firstname5\" \/><\/span><br \/>\nAffiliation: <span class=\"wpcf7-form-control-wrap\" data-name=\"your-affiliation5\"><input size=\"40\" maxlength=\"400\" class=\"wpcf7-form-control wpcf7-text\" aria-invalid=\"false\" value=\"\" type=\"text\" name=\"your-affiliation5\" \/><\/span><br \/>\nEmail: <span class=\"wpcf7-form-control-wrap\" data-name=\"your-email5\"><input size=\"40\" maxlength=\"400\" class=\"wpcf7-form-control wpcf7-email wpcf7-text wpcf7-validates-as-email\" aria-invalid=\"false\" value=\"\" type=\"email\" name=\"your-email5\" \/><\/span><br \/>\nShort-ID RePEc: <span class=\"wpcf7-form-control-wrap\" data-name=\"your-shortid5\"><input size=\"40\" maxlength=\"400\" class=\"wpcf7-form-control wpcf7-text\" aria-invalid=\"false\" value=\"\" type=\"text\" name=\"your-shortid5\" \/><\/span>\n<\/p>\n<p>Abstract (required)\n<\/p>\n<p><span class=\"wpcf7-form-control-wrap\" data-name=\"your-abstract\"><textarea cols=\"160\" rows=\"10\" maxlength=\"2000\" class=\"wpcf7-form-control wpcf7-textarea wpcf7-validates-as-required\" aria-required=\"true\" aria-invalid=\"false\" name=\"your-abstract\"><\/textarea><\/span>\n<\/p>\n<p>R\u00e9sum\u00e9 en fran\u00e7ais (required)\n<\/p>\n<p><span class=\"wpcf7-form-control-wrap\" data-name=\"your-FrenchAbstract\"><textarea cols=\"160\" rows=\"10\" maxlength=\"2000\" class=\"wpcf7-form-control wpcf7-textarea\" aria-invalid=\"false\" name=\"your-FrenchAbstract\"><\/textarea><\/span>\n<\/p>\n<p>JEL Code 1 (required)\n<\/p>\n<p><span class=\"wpcf7-form-control-wrap\" data-name=\"your-JELCode1\"><input size=\"40\" maxlength=\"400\" class=\"wpcf7-form-control wpcf7-text wpcf7-validates-as-required\" aria-required=\"true\" aria-invalid=\"false\" value=\"\" type=\"text\" name=\"your-JELCode1\" \/><\/span>\n<\/p>\n<p>JEL Code 2\n<\/p>\n<p><span class=\"wpcf7-form-control-wrap\" data-name=\"your-JELCode2\"><input size=\"40\" maxlength=\"400\" class=\"wpcf7-form-control wpcf7-text\" aria-invalid=\"false\" value=\"\" type=\"text\" name=\"your-JELCode2\" \/><\/span>\n<\/p>\n<p>JEL Code 3\n<\/p>\n<p><span class=\"wpcf7-form-control-wrap\" data-name=\"your-JELCode3\"><input size=\"40\" maxlength=\"400\" class=\"wpcf7-form-control wpcf7-text\" aria-invalid=\"false\" value=\"\" type=\"text\" name=\"your-JELCode3\" \/><\/span>\n<\/p>\n<p>JEL Code 4\n<\/p>\n<p><span class=\"wpcf7-form-control-wrap\" data-name=\"your-JELCode4\"><input size=\"40\" maxlength=\"400\" class=\"wpcf7-form-control wpcf7-text\" aria-invalid=\"false\" value=\"\" type=\"text\" name=\"your-JELCode4\" \/><\/span>\n<\/p>\n<p>JEL Code 5\n<\/p>\n<p><span class=\"wpcf7-form-control-wrap\" data-name=\"your-JELCode5\"><input size=\"40\" maxlength=\"400\" class=\"wpcf7-form-control wpcf7-text\" aria-invalid=\"false\" value=\"\" type=\"text\" name=\"your-JELCode5\" \/><\/span>\n<\/p>\n<p>Keyword 1 (required)\n<\/p>\n<p><span class=\"wpcf7-form-control-wrap\" data-name=\"your-Keyword1\"><input size=\"40\" maxlength=\"400\" class=\"wpcf7-form-control wpcf7-text wpcf7-validates-as-required\" aria-required=\"true\" aria-invalid=\"false\" value=\"\" type=\"text\" name=\"your-Keyword1\" \/><\/span>\n<\/p>\n<p>Keyword 2\n<\/p>\n<p><span class=\"wpcf7-form-control-wrap\" data-name=\"your-Keyword2\"><input size=\"40\" maxlength=\"400\" class=\"wpcf7-form-control wpcf7-text\" aria-invalid=\"false\" value=\"\" type=\"text\" name=\"your-Keyword2\" \/><\/span>\n<\/p>\n<p>Keyword 3\n<\/p>\n<p><span class=\"wpcf7-form-control-wrap\" data-name=\"your-Keyword3\"><input size=\"40\" maxlength=\"400\" class=\"wpcf7-form-control wpcf7-text\" aria-invalid=\"false\" value=\"\" type=\"text\" name=\"your-Keyword3\" \/><\/span>\n<\/p>\n<p>Keyword 4\n<\/p>\n<p><span class=\"wpcf7-form-control-wrap\" data-name=\"your-Keyword4\"><input size=\"40\" maxlength=\"400\" class=\"wpcf7-form-control wpcf7-text\" aria-invalid=\"false\" value=\"\" type=\"text\" name=\"your-Keyword4\" \/><\/span>\n<\/p>\n<p>Keyword 5\n<\/p>\n<p><span class=\"wpcf7-form-control-wrap\" data-name=\"your-Keyword5\"><input size=\"40\" maxlength=\"400\" class=\"wpcf7-form-control wpcf7-text\" aria-invalid=\"false\" value=\"\" type=\"text\" name=\"your-Keyword5\" \/><\/span>\n<\/p>\n<p>In which FAERE Papers Series do you intend to publish your paper?\n<\/p>\n<p><span class=\"wpcf7-form-control-wrap\" data-name=\"your-series\"><select class=\"wpcf7-form-control wpcf7-select wpcf7-validates-as-required\" aria-required=\"true\" aria-invalid=\"false\" name=\"your-series\"><option value=\"Working Papers\">Working Papers<\/option><option value=\"Policy Papers\">Policy Papers<\/option><option value=\"Opinions\">Opinions<\/option><\/select><\/span>\n<\/p>\n<p>Has your paper been already accepted for publication by a peer-reviewed journal? (required)\n<\/p>\n<p><span class=\"wpcf7-form-control-wrap\" data-name=\"your-journal\"><span class=\"wpcf7-form-control wpcf7-checkbox wpcf7-validates-as-required wpcf7-exclusive-checkbox\"><span class=\"wpcf7-list-item first\"><input type=\"checkbox\" name=\"your-journal\" value=\"No\" checked=\"checked\" \/><span class=\"wpcf7-list-item-label\">No<\/span><\/span><span class=\"wpcf7-list-item last has-free-text\"><input type=\"checkbox\" name=\"your-journal\" value=\"Yes: Title of the journal\" \/><span class=\"wpcf7-list-item-label\">Yes: Title of the journal<\/span> <input type=\"text\" name=\"_wpcf7_free_text_your-journal\" class=\"wpcf7-free-text\" \/><\/span><\/span><\/span>\n<\/p>\n<p>If you answered Yes to the previous question, please upload evidence of acceptance (pdf file) :<br \/>\n<span class=\"wpcf7-form-control-wrap\" data-name=\"your-acceptance\"><input size=\"40\" class=\"wpcf7-form-control wpcf7-file\" accept=\".pdf\" aria-invalid=\"false\" type=\"file\" name=\"your-acceptance\" \/><\/span>\n<\/p>\n<p>Upload your pdf file:<br \/>\n<span class=\"wpcf7-form-control-wrap\" data-name=\"your-file\"><input size=\"40\" class=\"wpcf7-form-control wpcf7-file wpcf7-validates-as-required\" accept=\".pdf\" aria-required=\"true\" aria-invalid=\"false\" type=\"file\" name=\"your-file\" \/><\/span>\n<\/p>\n<p>Input this code: <input type=\"hidden\" name=\"_wpcf7_captcha_challenge_captcha-170\" value=\"745958070\" \/><img decoding=\"async\" class=\"wpcf7-form-control wpcf7-captchac wpcf7-captcha-captcha-170 lazyload\" width=\"72\" height=\"24\" alt=\"captcha\" data-src=\"https:\/\/faere.fr\/wp-content\/uploads\/wpcf7_captcha\/745958070.png\" src=\"data:image\/svg+xml;base64,PHN2ZyB3aWR0aD0iMSIgaGVpZ2h0PSIxIiB4bWxucz0iaHR0cDovL3d3dy53My5vcmcvMjAwMC9zdmciPjwvc3ZnPg==\" style=\"--smush-placeholder-width: 72px; --smush-placeholder-aspect-ratio: 72\/24;\" \/><br \/>\n<span class=\"wpcf7-form-control-wrap\" data-name=\"captcha-170\"><input size=\"4\" maxlength=\"4\" class=\"wpcf7-form-control wpcf7-captchar\" autocomplete=\"off\" aria-invalid=\"false\" value=\"\" type=\"text\" name=\"captcha-170\" \/><\/span>\n<\/p>\n<p><input class=\"wpcf7-form-control wpcf7-submit has-spinner\" type=\"submit\" value=\"Submit\" \/>\n<\/p><div class=\"wpcf7-response-output\" aria-hidden=\"true\"><\/div>\n<\/form>\n<\/div>\n\n<div><\/div>\n<\/div>\n","protected":false},"excerpt":{"rendered":"<p>To make the works of the French or French speaking environmental economists more visible, the FAERE launches two series of working papers. The Working Papers gather academic works, supposed to be in fine submitted to a scientific journal. The Policy Papers are intended for a larger audience and, in the FAERE field, they often concern<\/p>\n","protected":false},"author":2,"featured_media":0,"parent":0,"menu_order":4,"comment_status":"closed","ping_status":"closed","template":"full_width.php","meta":{"_acf_changed":false,"footnotes":""},"class_list":["post-54","page","type-page","status-publish","hentry"],"acf":[],"_links":{"self":[{"href":"https:\/\/faere.fr\/en\/wp-json\/wp\/v2\/pages\/54","targetHints":{"allow":["GET"]}}],"collection":[{"href":"https:\/\/faere.fr\/en\/wp-json\/wp\/v2\/pages"}],"about":[{"href":"https:\/\/faere.fr\/en\/wp-json\/wp\/v2\/types\/page"}],"author":[{"embeddable":true,"href":"https:\/\/faere.fr\/en\/wp-json\/wp\/v2\/users\/2"}],"replies":[{"embeddable":true,"href":"https:\/\/faere.fr\/en\/wp-json\/wp\/v2\/comments?post=54"}],"version-history":[{"count":0,"href":"https:\/\/faere.fr\/en\/wp-json\/wp\/v2\/pages\/54\/revisions"}],"wp:attachment":[{"href":"https:\/\/faere.fr\/en\/wp-json\/wp\/v2\/media?parent=54"}],"curies":[{"name":"wp","href":"https:\/\/api.w.org\/{rel}","templated":true}]}}