{"id":2917,"date":"2015-03-19T17:31:32","date_gmt":"2015-03-19T16:31:32","guid":{"rendered":"http:\/\/faere.fr\/?page_id=2917"},"modified":"2015-03-19T17:31:32","modified_gmt":"2015-03-19T16:31:32","slug":"membership-modes","status":"publish","type":"page","link":"https:\/\/faere.fr\/en\/membership-modes\/","title":{"rendered":"Membership modes"},"content":{"rendered":"<p>Page pr\u00e9sentant (en anglais) les modalit\u00e9s d&#8217;adh\u00e9sion :<br \/>\n&#8211; modes de paiement<br \/>\n&#8211; dur\u00e9e de l&#8217;adh\u00e9sion<br \/>\nComment faire une commande group\u00e9e ? (chaque membre s&#8217;inscrit individuellement puis le labo fait un virement bancaire en donnant en r\u00e9f\u00e9rence toutes les r\u00e9f\u00e9rences de commande)<br \/>\nComment adh\u00e9rer pour un membre institutionnel : \u00e0 l&#8217;ancienne, par courrier au pr\u00e9sident, ce serait le plus simple pour commencer (am\u00e9liorations \u00e0 venir)<br \/>\nVous voulez devenir membre individuel de l&#8217;association : <a href=\"http:\/\/faere.fr\/choix-dadhesion\/\">inscrivez-vous<\/a><\/p>\n","protected":false},"excerpt":{"rendered":"<p>Page pr\u00e9sentant (en anglais) les modalit\u00e9s d&#8217;adh\u00e9sion : &#8211; modes de paiement &#8211; dur\u00e9e de l&#8217;adh\u00e9sion Comment faire une commande group\u00e9e ? (chaque membre s&#8217;inscrit individuellement puis le labo fait un virement bancaire en donnant en r\u00e9f\u00e9rence toutes les r\u00e9f\u00e9rences de commande) Comment adh\u00e9rer pour un membre institutionnel : \u00e0 l&#8217;ancienne, par courrier au pr\u00e9sident,<\/p>\n","protected":false},"author":4,"featured_media":0,"parent":0,"menu_order":0,"comment_status":"closed","ping_status":"closed","template":"full_width.php","meta":{"_acf_changed":false,"footnotes":""},"class_list":["post-2917","page","type-page","status-publish","hentry"],"acf":[],"_links":{"self":[{"href":"https:\/\/faere.fr\/en\/wp-json\/wp\/v2\/pages\/2917","targetHints":{"allow":["GET"]}}],"collection":[{"href":"https:\/\/faere.fr\/en\/wp-json\/wp\/v2\/pages"}],"about":[{"href":"https:\/\/faere.fr\/en\/wp-json\/wp\/v2\/types\/page"}],"author":[{"embeddable":true,"href":"https:\/\/faere.fr\/en\/wp-json\/wp\/v2\/users\/4"}],"replies":[{"embeddable":true,"href":"https:\/\/faere.fr\/en\/wp-json\/wp\/v2\/comments?post=2917"}],"version-history":[{"count":0,"href":"https:\/\/faere.fr\/en\/wp-json\/wp\/v2\/pages\/2917\/revisions"}],"wp:attachment":[{"href":"https:\/\/faere.fr\/en\/wp-json\/wp\/v2\/media?parent=2917"}],"curies":[{"name":"wp","href":"https:\/\/api.w.org\/{rel}","templated":true}]}}