{"id":11839,"date":"2020-11-30T17:48:19","date_gmt":"2020-11-30T16:48:19","guid":{"rendered":"https:\/\/faere.altaea.com\/?page_id=11839"},"modified":"2021-12-31T12:21:02","modified_gmt":"2021-12-31T11:21:02","slug":"benefactor-members","status":"publish","type":"page","link":"https:\/\/faere.fr\/en\/members\/benefactor-members\/","title":{"rendered":"Benefactor members"},"content":{"rendered":"<h2>Benefactor members<\/h2>\n<p>A\u00a0<i>benefactor member<\/i>\u00a0is a person or any body funding the Association with a contribution higher than the membership of the institutional members, i.e. \u20ac1000, at the creation date of the association.<\/p>\n<p><a href=\"http:\/\/www.sae2.inra.fr\/\" target=\"_blank\" rel=\"noopener noreferrer\"><img decoding=\"async\" data-src=\"https:\/\/faere.fr\/wp-content\/uploads\/2014\/12\/Logo_INRA_ScienceImpact.jpg\" alt=\"logo_ADEME\" src=\"data:image\/svg+xml;base64,PHN2ZyB3aWR0aD0iMSIgaGVpZ2h0PSIxIiB4bWxucz0iaHR0cDovL3d3dy53My5vcmcvMjAwMC9zdmciPjwvc3ZnPg==\" class=\"lazyload\" style=\"--smush-placeholder-width: 351px; --smush-placeholder-aspect-ratio: 351\/144;\" \/><\/a><\/p>\n<p><strong>INRA \u2013 SAE2<\/strong><\/p>\n<p><a href=\"http:\/\/www.developpement-durable.gouv.fr\/\" target=\"_blank\" rel=\"noopener noreferrer\"><img decoding=\"async\" data-src=\"https:\/\/faere.fr\/wp-content\/uploads\/2013\/08\/Logo_Ministe%CC%80re.png\" alt=\"logo_SEEIDD\" src=\"data:image\/svg+xml;base64,PHN2ZyB3aWR0aD0iMSIgaGVpZ2h0PSIxIiB4bWxucz0iaHR0cDovL3d3dy53My5vcmcvMjAwMC9zdmciPjwvc3ZnPg==\" class=\"lazyload\" \/><\/a><\/p>\n<p><strong>Service de l\u2019\u00c9conomie, de l\u2019\u00c9valuation et de l\u2019Int\u00e9gration du D\u00e9veloppement Durable (SEEIDD) du Commissariat G\u00e9n\u00e9ral au D\u00e9veloppement Durable (CGDD)<\/strong><\/p>\n<p><a href=\"http:\/\/www.ademe.fr\/\" target=\"_blank\" rel=\"noopener noreferrer\"><img decoding=\"async\" data-src=\"https:\/\/faere.fr\/wp-content\/uploads\/2014\/12\/Logo_ADEME.jpg\" alt=\"logo_ADEME\" width=\"130\" height=\"144\" src=\"data:image\/svg+xml;base64,PHN2ZyB3aWR0aD0iMSIgaGVpZ2h0PSIxIiB4bWxucz0iaHR0cDovL3d3dy53My5vcmcvMjAwMC9zdmciPjwvc3ZnPg==\" class=\"lazyload\" style=\"--smush-placeholder-width: 130px; --smush-placeholder-aspect-ratio: 130\/144;\" \/><\/a><\/p>\n<p><strong>ADEME<\/strong><\/p>\n","protected":false},"excerpt":{"rendered":"<p>Benefactor members A\u00a0benefactor member\u00a0is a person or any body funding the Association with a contribution higher than the membership of the institutional members, i.e. \u20ac1000, at the creation date of the association. INRA \u2013 SAE2 Service de l\u2019\u00c9conomie, de l\u2019\u00c9valuation et de l\u2019Int\u00e9gration du D\u00e9veloppement Durable (SEEIDD) du Commissariat G\u00e9n\u00e9ral au D\u00e9veloppement Durable (CGDD) ADEME<\/p>\n","protected":false},"author":1,"featured_media":0,"parent":58,"menu_order":0,"comment_status":"closed","ping_status":"closed","template":"","meta":{"_acf_changed":false,"footnotes":""},"class_list":["post-11839","page","type-page","status-publish","hentry"],"acf":[],"_links":{"self":[{"href":"https:\/\/faere.fr\/en\/wp-json\/wp\/v2\/pages\/11839","targetHints":{"allow":["GET"]}}],"collection":[{"href":"https:\/\/faere.fr\/en\/wp-json\/wp\/v2\/pages"}],"about":[{"href":"https:\/\/faere.fr\/en\/wp-json\/wp\/v2\/types\/page"}],"author":[{"embeddable":true,"href":"https:\/\/faere.fr\/en\/wp-json\/wp\/v2\/users\/1"}],"replies":[{"embeddable":true,"href":"https:\/\/faere.fr\/en\/wp-json\/wp\/v2\/comments?post=11839"}],"version-history":[{"count":3,"href":"https:\/\/faere.fr\/en\/wp-json\/wp\/v2\/pages\/11839\/revisions"}],"predecessor-version":[{"id":12812,"href":"https:\/\/faere.fr\/en\/wp-json\/wp\/v2\/pages\/11839\/revisions\/12812"}],"up":[{"embeddable":true,"href":"https:\/\/faere.fr\/en\/wp-json\/wp\/v2\/pages\/58"}],"wp:attachment":[{"href":"https:\/\/faere.fr\/en\/wp-json\/wp\/v2\/media?parent=11839"}],"curies":[{"name":"wp","href":"https:\/\/api.w.org\/{rel}","templated":true}]}}